{"id":524,"date":"2026-02-24T10:19:51","date_gmt":"2026-02-24T10:19:51","guid":{"rendered":"https:\/\/chami9.de\/data-protection\/"},"modified":"2026-03-23T12:04:41","modified_gmt":"2026-03-23T12:04:41","slug":"data-protection","status":"publish","type":"page","link":"https:\/\/chami9.de\/en\/data-protection\/","title":{"rendered":"data protection"},"content":{"rendered":"\t\t<div data-elementor-type=\"wp-page\" data-elementor-id=\"524\" class=\"elementor elementor-524 elementor-302\" data-elementor-post-type=\"page\">\n\t\t\t\t<div class=\"elementor-element elementor-element-c2aa2c5 e-con-full e-flex e-con e-parent\" data-id=\"c2aa2c5\" data-element_type=\"container\" data-e-type=\"container\" data-settings=\"{&quot;background_background&quot;:&quot;classic&quot;}\">\n\t\t\t\t<div class=\"elementor-element elementor-element-535ae63 elementor-widget elementor-widget-heading\" data-id=\"535ae63\" data-element_type=\"widget\" data-e-type=\"widget\" data-widget_type=\"heading.default\">\n\t\t\t\t\t<h1 class=\"elementor-heading-title elementor-size-default\">Data protection<\/h1>\t\t\t\t<\/div>\n\t\t\t\t<\/div>\n\t\t<div class=\"elementor-element elementor-element-8ac5daf e-flex e-con-boxed e-con e-parent\" data-id=\"8ac5daf\" data-element_type=\"container\" data-e-type=\"container\">\n\t\t\t\t\t<div class=\"e-con-inner\">\n\t\t\t\t<div class=\"elementor-element elementor-element-c7e7ddd elementor-absolute elementor-widget elementor-widget-heading\" data-id=\"c7e7ddd\" data-element_type=\"widget\" data-e-type=\"widget\" data-settings=\"{&quot;_position&quot;:&quot;absolute&quot;}\" data-widget_type=\"heading.default\">\n\t\t\t\t\t<div class=\"elementor-heading-title elementor-size-default\"><a href=\"https:\/\/chami9.de\/en\/\">Back<\/a><\/div>\t\t\t\t<\/div>\n\t\t\t\t<div class=\"elementor-element elementor-element-0d9baa9 elementor-widget elementor-widget-spacer\" data-id=\"0d9baa9\" data-element_type=\"widget\" data-e-type=\"widget\" data-widget_type=\"spacer.default\">\n\t\t\t\t\t\t\t<div class=\"elementor-spacer\">\n\t\t\t<div class=\"elementor-spacer-inner\"><\/div>\n\t\t<\/div>\n\t\t\t\t\t\t<\/div>\n\t\t\t\t<div class=\"elementor-element elementor-element-27cc70c elementor-widget elementor-widget-heading\" data-id=\"27cc70c\" data-element_type=\"widget\" data-e-type=\"widget\" data-widget_type=\"heading.default\">\n\t\t\t\t\t<h2 class=\"elementor-heading-title elementor-size-default\">Privacy policy<\/h2>\t\t\t\t<\/div>\n\t\t\t\t<div class=\"elementor-element elementor-element-52c369e elementor-widget elementor-widget-spacer\" data-id=\"52c369e\" data-element_type=\"widget\" data-e-type=\"widget\" data-widget_type=\"spacer.default\">\n\t\t\t\t\t\t\t<div class=\"elementor-spacer\">\n\t\t\t<div class=\"elementor-spacer-inner\"><\/div>\n\t\t<\/div>\n\t\t\t\t\t\t<\/div>\n\t\t\t\t<div class=\"elementor-element elementor-element-104bf5f elementor-widget elementor-widget-text-editor\" data-id=\"104bf5f\" data-element_type=\"widget\" data-e-type=\"widget\" data-widget_type=\"text-editor.default\">\n\t\t\t\t\t\t\t\t\t<h4 data-start=\"192\" data-end=\"214\">1. responsible person<\/h4><p data-start=\"216\" data-end=\"269\">The controller within the meaning of the data protection laws is<\/p><p data-start=\"271\" data-end=\"365\"><strong data-start=\"271\" data-end=\"312\"><span class=\"hover:entity-accent entity-underline inline cursor-pointer align-baseline\"><span class=\"whitespace-normal\">FRANKONIA Eurobau AG<\/span><\/span><\/strong><br data-start=\"312\" data-end=\"315\">M\u00fchlenstra\u00dfe 36<br data-start=\"330\" data-end=\"333\">40213 D\u00fcsseldorf<br data-start=\"349\" data-end=\"352\">Germany<\/p><p data-start=\"367\" data-end=\"463\">Phone: +49 211 8632300<br data-start=\"388\" data-end=\"391\">E-mail: <a class=\"decorated-link cursor-pointer\" rel=\"noopener\" data-start=\"399\" data-end=\"424\">info@frankonia-eurobau.de<\/a><br data-start=\"424\" data-end=\"427\">Internet: <a class=\"decorated-link\" href=\"http:\/\/www.frankonia-eurobau.de\" target=\"_new\" rel=\"noopener\" data-start=\"437\" data-end=\"461\">www.frankonia-eurobau.de<\/a><\/p><p data-start=\"465\" data-end=\"583\">Management Board: Dipl.-Ing. Uwe Schmitz<br data-start=\"497\" data-end=\"500\">Chairman of the Supervisory Board: Dipl.-Kfm. Bert-Peter Consoir (auditor)<\/p><p data-start=\"585\" data-end=\"688\">Register court: D\u00fcsseldorf Local Court<br data-start=\"624\" data-end=\"627\">Register number: HRB 105894<br data-start=\"653\" data-end=\"656\">VAT ID no.: 115\/5714\/1023<\/p><hr data-start=\"690\" data-end=\"693\"><h4 data-start=\"695\" data-end=\"708\">2. hosting<\/h4><p data-start=\"710\" data-end=\"761\">This website is hosted by the following provider:<\/p><p data-start=\"763\" data-end=\"802\"><span class=\"hover:entity-accent entity-underline inline cursor-pointer align-baseline\"><span class=\"whitespace-normal\">Strato AG<\/span><\/span><\/p><p data-start=\"804\" data-end=\"878\">Server log files are automatically processed when the website is accessed:<\/p><ul data-start=\"880\" data-end=\"993\"><li data-start=\"880\" data-end=\"894\"><p data-start=\"882\" data-end=\"894\">IP address<\/p><\/li><li data-start=\"895\" data-end=\"929\"><p data-start=\"897\" data-end=\"929\">Date and time of access<\/p><\/li><li data-start=\"930\" data-end=\"957\"><p data-start=\"932\" data-end=\"957\">Browser type and version<\/p><\/li><li data-start=\"958\" data-end=\"976\"><p data-start=\"960\" data-end=\"976\">Operating system<\/p><\/li><li data-start=\"977\" data-end=\"993\"><p data-start=\"979\" data-end=\"993\">Referrer URL<\/p><\/li><\/ul><p data-start=\"995\" data-end=\"1088\">This processing is carried out to ensure technical operation and IT security.<\/p><p data-start=\"1090\" data-end=\"1190\">Legal basis: Art. 6 para. 1 lit. f GDPR<br data-start=\"1133\" data-end=\"1136\">(legitimate interest in a secure website)  <\/p><p data-start=\"1192\" data-end=\"1253\">An order processing contract in accordance with Art. 28 GDPR exists.<\/p><hr data-start=\"1255\" data-end=\"1258\"><h4 data-start=\"1260\" data-end=\"1298\">3. technical basis of the website<\/h4><p data-start=\"1300\" data-end=\"1320\">This website uses:<\/p><p data-start=\"1322\" data-end=\"1401\"><span class=\"hover:entity-accent entity-underline inline cursor-pointer align-baseline\"><span class=\"whitespace-normal\">WordPress<\/span><\/span><br data-start=\"1359\" data-end=\"1362\"><span class=\"hover:entity-accent entity-underline inline cursor-pointer align-baseline\"><span class=\"whitespace-normal\">Elementor<\/span><\/span><\/p><p data-start=\"1403\" data-end=\"1456\">The processing is carried out to display the website.<\/p><p data-start=\"1458\" data-end=\"1502\">Legal basis: Art. 6 para. 1 lit. f GDPR.  <\/p><hr data-start=\"1504\" data-end=\"1507\"><h4 data-start=\"1509\" data-end=\"1546\">4. cookie management with CookieYes<\/h4><p data-start=\"1548\" data-end=\"1596\">We use to manage consents:<\/p><p data-start=\"1598\" data-end=\"1637\"><span class=\"hover:entity-accent entity-underline inline cursor-pointer align-baseline\"><span class=\"whitespace-normal\">CookieYes<\/span><\/span><\/p><p data-start=\"1639\" data-end=\"1751\">CookieYes stores your consent decision in a cookie.<br data-start=\"1706\" data-end=\"1709\">The following data is processed:<\/p><ul data-start=\"1753\" data-end=\"1846\"><li data-start=\"1753\" data-end=\"1776\"><p data-start=\"1755\" data-end=\"1776\">Consent status<\/p><\/li><li data-start=\"1777\" data-end=\"1792\"><p data-start=\"1779\" data-end=\"1792\">Timestamp<\/p><\/li><li data-start=\"1793\" data-end=\"1821\"><p data-start=\"1795\" data-end=\"1821\">anonymized IP address<\/p><\/li><li data-start=\"1822\" data-end=\"1846\"><p data-start=\"1824\" data-end=\"1846\">Browser information<\/p><\/li><\/ul><p data-start=\"1848\" data-end=\"1965\">Legal basis:<br data-start=\"1864\" data-end=\"1867\">Art. 6 para. 1 lit. c GDPR (legal obligation)<br data-start=\"1921\" data-end=\"1924\">Art. 6 para. 1 lit. a GDPR (consent)    <\/p><hr data-start=\"1967\" data-end=\"1970\"><h4 data-start=\"1972\" data-end=\"2002\">5 Google Analytics 4 (GA4)<\/h4><p data-start=\"2004\" data-end=\"2028\">This website uses:<\/p><p data-start=\"2030\" data-end=\"2069\"><span class=\"hover:entity-accent entity-underline inline cursor-pointer align-baseline\"><span class=\"whitespace-normal\">Google Analytics<\/span><\/span><\/p><p data-start=\"2071\" data-end=\"2099\">The integration takes place via:<\/p><p data-start=\"2101\" data-end=\"2140\"><span class=\"hover:entity-accent entity-underline inline cursor-pointer align-baseline\"><span class=\"whitespace-normal\">Site Kit by Google<\/span><\/span><\/p><p data-start=\"2142\" data-end=\"2207\">Google Analytics enables us to analyze user behavior.<\/p><h5 data-start=\"2209\" data-end=\"2231\">Processed data<\/h5><ul data-start=\"2232\" data-end=\"2338\"><li data-start=\"2232\" data-end=\"2249\"><p data-start=\"2234\" data-end=\"2249\">Page views<\/p><\/li><li data-start=\"2250\" data-end=\"2268\"><p data-start=\"2252\" data-end=\"2268\">Click behavior<\/p><\/li><li data-start=\"2269\" data-end=\"2285\"><p data-start=\"2271\" data-end=\"2285\">Dwell time<\/p><\/li><li data-start=\"2286\" data-end=\"2309\"><p data-start=\"2288\" data-end=\"2309\">Device information<\/p><\/li><li data-start=\"2310\" data-end=\"2338\"><p data-start=\"2312\" data-end=\"2338\">anonymized IP address<\/p><\/li><\/ul><h5 data-start=\"2340\" data-end=\"2361\">IP anonymization<\/h5><p data-start=\"2362\" data-end=\"2446\">IP anonymization is activated.<br data-start=\"2398\" data-end=\"2401\">The IP address is shortened within the EU.<\/p><h5 data-start=\"2448\" data-end=\"2467\">Consent Mode v2<\/h5><p data-start=\"2468\" data-end=\"2587\">Google Consent Mode v2 is used.<br data-start=\"2514\" data-end=\"2517\">Tracking services are only activated with your consent.<\/p><h5 data-start=\"2589\" data-end=\"2608\">Legal basis<\/h5><p data-start=\"2609\" data-end=\"2650\">Art. 6 para. 1 lit. a GDPR (consent)  <\/p><h5 data-start=\"2652\" data-end=\"2689\">Data transfer to third countries<\/h5><p data-start=\"2690\" data-end=\"2796\">A transfer to the USA is possible.<br data-start=\"2731\" data-end=\"2734\">Google is certified according to the EU-US Data Privacy Framework.<\/p><p data-start=\"2798\" data-end=\"2858\">Further information:<br data-start=\"2820\" data-end=\"2823\"><a class=\"decorated-link\" href=\"https:\/\/policies.google.com\/privacy\" target=\"_new\" rel=\"noopener\" data-start=\"2823\" data-end=\"2858\">https:\/\/policies.google.com\/privacy<\/a><\/p><hr data-start=\"2860\" data-end=\"2863\"><h4 data-start=\"2865\" data-end=\"2886\">6. contact form<\/h4><p data-start=\"2888\" data-end=\"2974\">If you contact us via the contact form, the following data will be processed:<\/p><ul data-start=\"2976\" data-end=\"3046\"><li data-start=\"2976\" data-end=\"2984\"><p data-start=\"2978\" data-end=\"2984\">Name<\/p><\/li><li data-start=\"2985\" data-end=\"3003\"><p data-start=\"2987\" data-end=\"3003\">E-mail address<\/p><\/li><li data-start=\"3004\" data-end=\"3026\"><p data-start=\"3006\" data-end=\"3026\">Telephone number, if applicable<\/p><\/li><li data-start=\"3027\" data-end=\"3046\"><p data-start=\"3029\" data-end=\"3046\">Message text<\/p><\/li><\/ul><p data-start=\"3048\" data-end=\"3103\">The processing takes place to process your request.<\/p><p data-start=\"3105\" data-end=\"3121\">Legal basis:<\/p><ul data-start=\"3122\" data-end=\"3211\"><li data-start=\"3122\" data-end=\"3180\"><p data-start=\"3124\" data-end=\"3180\">Art. 6 para. 1 lit. b GDPR (pre-contractual measures)  <\/p><\/li><li data-start=\"3181\" data-end=\"3211\"><p data-start=\"3183\" data-end=\"3211\">Art. 6 para. 1 lit. f GDPR  <\/p><\/li><\/ul><p data-start=\"3213\" data-end=\"3300\">The data will be deleted as soon as it is no longer required for processing.<\/p><hr data-start=\"3302\" data-end=\"3305\"><h4 data-start=\"3307\" data-end=\"3342\">7. vimeo (integration of videos)<\/h4><p data-start=\"3344\" data-end=\"3391\">This website uses videos from the provider:<\/p><p data-start=\"3393\" data-end=\"3432\"><span class=\"hover:entity-accent entity-underline inline cursor-pointer align-baseline\"><span class=\"whitespace-normal\">Vimeo<\/span><\/span><\/p><p data-start=\"3434\" data-end=\"3446\">integrated.<\/p><p data-start=\"3448\" data-end=\"3519\">The videos are only loaded after active consent (click solution).<\/p><p data-start=\"3521\" data-end=\"3571\">When loading a video can be processed:<\/p><ul data-start=\"3573\" data-end=\"3639\"><li data-start=\"3573\" data-end=\"3587\"><p data-start=\"3575\" data-end=\"3587\">IP address<\/p><\/li><li data-start=\"3588\" data-end=\"3612\"><p data-start=\"3590\" data-end=\"3612\">Browser information<\/p><\/li><li data-start=\"3613\" data-end=\"3639\"><p data-start=\"3615\" data-end=\"3639\">possibly cookies from Vimeo<\/p><\/li><\/ul><p data-start=\"3641\" data-end=\"3699\">Legal basis: Art. 6 para. 1 lit. a GDPR (consent)  <\/p><p data-start=\"3701\" data-end=\"3751\">Further information:<br data-start=\"3723\" data-end=\"3726\"><a class=\"decorated-link\" href=\"https:\/\/vimeo.com\/privacy\" target=\"_new\" rel=\"noopener\" data-start=\"3726\" data-end=\"3751\">https:\/\/vimeo.com\/privacy<\/a><\/p><hr data-start=\"3753\" data-end=\"3756\"><h4 data-start=\"3758\" data-end=\"3771\">8. cookies<\/h4><p data-start=\"3773\" data-end=\"3921\">This website uses cookies.<br data-start=\"3805\" data-end=\"3808\">You can find a complete overview of all cookies used in the cookie banner or in the cookie policy.<\/p><p data-start=\"3923\" data-end=\"3973\">You can revoke your consent at any time.<\/p><hr data-start=\"3975\" data-end=\"3978\"><h4 data-start=\"3980\" data-end=\"3999\">9. storage period<\/h4><p data-start=\"4001\" data-end=\"4155\">Personal data is only stored for as long as is necessary for the respective purpose or for as long as there are statutory retention obligations.<\/p><hr data-start=\"4157\" data-end=\"4160\"><h4 data-start=\"4162\" data-end=\"4180\">10. your rights<\/h4><p data-start=\"4182\" data-end=\"4208\">You have the following rights:<\/p><ul data-start=\"4210\" data-end=\"4424\"><li data-start=\"4210\" data-end=\"4238\"><p data-start=\"4212\" data-end=\"4238\">Information (Art. 15 GDPR)<\/p><\/li><li data-start=\"4239\" data-end=\"4271\"><p data-start=\"4241\" data-end=\"4271\">Rectification (Art. 16 GDPR)<\/p><\/li><li data-start=\"4272\" data-end=\"4300\"><p data-start=\"4274\" data-end=\"4300\">Erasure (Art. 17 GDPR)<\/p><\/li><li data-start=\"4301\" data-end=\"4351\"><p data-start=\"4303\" data-end=\"4351\">Restriction of processing (Art. 18 GDPR)<\/p><\/li><li data-start=\"4352\" data-end=\"4392\"><p data-start=\"4354\" data-end=\"4392\">Data portability (Art. 20 GDPR)<\/p><\/li><li data-start=\"4393\" data-end=\"4424\"><p data-start=\"4395\" data-end=\"4424\">Objection (Art. 21 GDPR)<\/p><\/li><\/ul><p data-start=\"4426\" data-end=\"4520\">You also have the right to lodge a complaint with the competent data protection supervisory authority.<\/p><p data-start=\"4522\" data-end=\"4556\">Responsible for North Rhine-Westphalia:<\/p><p data-start=\"4558\" data-end=\"4639\">State Commissioner for Data Protection and Freedom of Information NRW<br data-start=\"4620\" data-end=\"4623\"><a class=\"decorated-link cursor-pointer\" target=\"_new\" rel=\"noopener\" data-start=\"4623\" data-end=\"4637\">www.ldi.nrw.de<\/a><\/p><hr data-start=\"4641\" data-end=\"4644\"><h4 data-start=\"4646\" data-end=\"4678\">11. revocation of consent<\/h4><p data-start=\"4680\" data-end=\"4797\">You can revoke your consent at any time with effect for the future via the cookie settings.<\/p><p data-start=\"4558\" data-end=\"4639\"> <\/p><hr data-start=\"4641\" data-end=\"4644\"><p><strong>Note on the use of artificial intelligence<\/strong><\/p><p>In our company, we use artificial intelligence (AI) technologies in certain areas, for example to support research, analysis and the creation of drafts for texts or content.<\/p><p>AI systems serve exclusively as supporting tools. All content is checked and approved by employees of our company before publication.   <\/p>\t\t\t\t\t\t\t\t<\/div>\n\t\t\t\t\t<\/div>\n\t\t\t\t<\/div>\n\t\t\t\t<\/div>\n\t\t","protected":false},"excerpt":{"rendered":"<p>Data protection Back Privacy policy 1. responsible person The controller within the meaning of the data protection laws is FRANKONIA Eurobau AGM\u00fchlenstra\u00dfe 3640213 D\u00fcsseldorfGermany Phone: +49 211 8632300E-mail: info@frankonia-eurobau.deInternet: www.frankonia-eurobau.de Management Board: Dipl.-Ing. Uwe SchmitzChairman of the Supervisory Board: Dipl.-Kfm. Bert-Peter Consoir (auditor) Register court: D\u00fcsseldorf Local CourtRegister number: HRB 105894VAT ID no.: 115\/5714\/1023 2. [&hellip;]<\/p>\n","protected":false},"author":1,"featured_media":0,"parent":0,"menu_order":0,"comment_status":"closed","ping_status":"closed","template":"elementor_header_footer","meta":{"footnotes":""},"class_list":["post-524","page","type-page","status-publish","hentry"],"yoast_head":"<!-- This site is optimized with the Yoast SEO plugin v27.2 - https:\/\/yoast.com\/product\/yoast-seo-wordpress\/ -->\n<title>data protection - CHAMI 9<\/title>\n<meta name=\"robots\" content=\"index, follow, max-snippet:-1, max-image-preview:large, max-video-preview:-1\" \/>\n<link rel=\"canonical\" href=\"https:\/\/chami9.de\/en\/data-protection\/\" \/>\n<meta property=\"og:locale\" content=\"en_US\" \/>\n<meta property=\"og:type\" content=\"article\" \/>\n<meta property=\"og:title\" content=\"data protection - CHAMI 9\" \/>\n<meta property=\"og:description\" content=\"Data protection Back Privacy policy 1. responsible person The controller within the meaning of the data protection laws is FRANKONIA Eurobau AGM\u00fchlenstra\u00dfe 3640213 D\u00fcsseldorfGermany Phone: +49 211 8632300E-mail: info@frankonia-eurobau.deInternet: www.frankonia-eurobau.de Management Board: Dipl.-Ing. Uwe SchmitzChairman of the Supervisory Board: Dipl.-Kfm. Bert-Peter Consoir (auditor) Register court: D\u00fcsseldorf Local CourtRegister number: HRB 105894VAT ID no.: 115\/5714\/1023 2. [&hellip;]\" \/>\n<meta property=\"og:url\" content=\"https:\/\/chami9.de\/en\/data-protection\/\" \/>\n<meta property=\"og:site_name\" content=\"CHAMI 9\" \/>\n<meta property=\"article:modified_time\" content=\"2026-03-23T12:04:41+00:00\" \/>\n<meta name=\"twitter:card\" content=\"summary_large_image\" \/>\n<meta name=\"twitter:label1\" content=\"Est. reading time\" \/>\n\t<meta name=\"twitter:data1\" content=\"3 minutes\" \/>\n<script type=\"application\/ld+json\" class=\"yoast-schema-graph\">{\"@context\":\"https:\/\/schema.org\",\"@graph\":[{\"@type\":\"WebPage\",\"@id\":\"https:\/\/chami9.de\/en\/data-protection\/\",\"url\":\"https:\/\/chami9.de\/en\/data-protection\/\",\"name\":\"data protection - CHAMI 9\",\"isPartOf\":{\"@id\":\"https:\/\/chami9.de\/en\/#website\"},\"datePublished\":\"2026-02-24T10:19:51+00:00\",\"dateModified\":\"2026-03-23T12:04:41+00:00\",\"breadcrumb\":{\"@id\":\"https:\/\/chami9.de\/en\/data-protection\/#breadcrumb\"},\"inLanguage\":\"en-US\",\"potentialAction\":[{\"@type\":\"ReadAction\",\"target\":[\"https:\/\/chami9.de\/en\/data-protection\/\"]}]},{\"@type\":\"BreadcrumbList\",\"@id\":\"https:\/\/chami9.de\/en\/data-protection\/#breadcrumb\",\"itemListElement\":[{\"@type\":\"ListItem\",\"position\":1,\"name\":\"Start\",\"item\":\"https:\/\/chami9.de\/en\/home\/\"},{\"@type\":\"ListItem\",\"position\":2,\"name\":\"data protection\"}]},{\"@type\":\"WebSite\",\"@id\":\"https:\/\/chami9.de\/en\/#website\",\"url\":\"https:\/\/chami9.de\/en\/\",\"name\":\"CHAMI 9\",\"description\":\"Stadtvilla und Gartenkultur\",\"publisher\":{\"@id\":\"https:\/\/chami9.de\/en\/#organization\"},\"potentialAction\":[{\"@type\":\"SearchAction\",\"target\":{\"@type\":\"EntryPoint\",\"urlTemplate\":\"https:\/\/chami9.de\/en\/?s={search_term_string}\"},\"query-input\":{\"@type\":\"PropertyValueSpecification\",\"valueRequired\":true,\"valueName\":\"search_term_string\"}}],\"inLanguage\":\"en-US\"},{\"@type\":\"Organization\",\"@id\":\"https:\/\/chami9.de\/en\/#organization\",\"name\":\"CHAMI 9\",\"url\":\"https:\/\/chami9.de\/en\/\",\"logo\":{\"@type\":\"ImageObject\",\"inLanguage\":\"en-US\",\"@id\":\"https:\/\/chami9.de\/en\/#\/schema\/logo\/image\/\",\"url\":\"https:\/\/chami9.de\/wp-content\/uploads\/2026\/02\/favicon-chami9.png\",\"contentUrl\":\"https:\/\/chami9.de\/wp-content\/uploads\/2026\/02\/favicon-chami9.png\",\"width\":512,\"height\":512,\"caption\":\"CHAMI 9\"},\"image\":{\"@id\":\"https:\/\/chami9.de\/en\/#\/schema\/logo\/image\/\"}}]}<\/script>\n<!-- \/ Yoast SEO plugin. -->","yoast_head_json":{"title":"data protection - CHAMI 9","robots":{"index":"index","follow":"follow","max-snippet":"max-snippet:-1","max-image-preview":"max-image-preview:large","max-video-preview":"max-video-preview:-1"},"canonical":"https:\/\/chami9.de\/en\/data-protection\/","og_locale":"en_US","og_type":"article","og_title":"data protection - CHAMI 9","og_description":"Data protection Back Privacy policy 1. responsible person The controller within the meaning of the data protection laws is FRANKONIA Eurobau AGM\u00fchlenstra\u00dfe 3640213 D\u00fcsseldorfGermany Phone: +49 211 8632300E-mail: info@frankonia-eurobau.deInternet: www.frankonia-eurobau.de Management Board: Dipl.-Ing. Uwe SchmitzChairman of the Supervisory Board: Dipl.-Kfm. Bert-Peter Consoir (auditor) Register court: D\u00fcsseldorf Local CourtRegister number: HRB 105894VAT ID no.: 115\/5714\/1023 2. [&hellip;]","og_url":"https:\/\/chami9.de\/en\/data-protection\/","og_site_name":"CHAMI 9","article_modified_time":"2026-03-23T12:04:41+00:00","twitter_card":"summary_large_image","twitter_misc":{"Est. reading time":"3 minutes"},"schema":{"@context":"https:\/\/schema.org","@graph":[{"@type":"WebPage","@id":"https:\/\/chami9.de\/en\/data-protection\/","url":"https:\/\/chami9.de\/en\/data-protection\/","name":"data protection - CHAMI 9","isPartOf":{"@id":"https:\/\/chami9.de\/en\/#website"},"datePublished":"2026-02-24T10:19:51+00:00","dateModified":"2026-03-23T12:04:41+00:00","breadcrumb":{"@id":"https:\/\/chami9.de\/en\/data-protection\/#breadcrumb"},"inLanguage":"en-US","potentialAction":[{"@type":"ReadAction","target":["https:\/\/chami9.de\/en\/data-protection\/"]}]},{"@type":"BreadcrumbList","@id":"https:\/\/chami9.de\/en\/data-protection\/#breadcrumb","itemListElement":[{"@type":"ListItem","position":1,"name":"Start","item":"https:\/\/chami9.de\/en\/home\/"},{"@type":"ListItem","position":2,"name":"data protection"}]},{"@type":"WebSite","@id":"https:\/\/chami9.de\/en\/#website","url":"https:\/\/chami9.de\/en\/","name":"CHAMI 9","description":"Stadtvilla und Gartenkultur","publisher":{"@id":"https:\/\/chami9.de\/en\/#organization"},"potentialAction":[{"@type":"SearchAction","target":{"@type":"EntryPoint","urlTemplate":"https:\/\/chami9.de\/en\/?s={search_term_string}"},"query-input":{"@type":"PropertyValueSpecification","valueRequired":true,"valueName":"search_term_string"}}],"inLanguage":"en-US"},{"@type":"Organization","@id":"https:\/\/chami9.de\/en\/#organization","name":"CHAMI 9","url":"https:\/\/chami9.de\/en\/","logo":{"@type":"ImageObject","inLanguage":"en-US","@id":"https:\/\/chami9.de\/en\/#\/schema\/logo\/image\/","url":"https:\/\/chami9.de\/wp-content\/uploads\/2026\/02\/favicon-chami9.png","contentUrl":"https:\/\/chami9.de\/wp-content\/uploads\/2026\/02\/favicon-chami9.png","width":512,"height":512,"caption":"CHAMI 9"},"image":{"@id":"https:\/\/chami9.de\/en\/#\/schema\/logo\/image\/"}}]}},"_links":{"self":[{"href":"https:\/\/chami9.de\/en\/wp-json\/wp\/v2\/pages\/524","targetHints":{"allow":["GET"]}}],"collection":[{"href":"https:\/\/chami9.de\/en\/wp-json\/wp\/v2\/pages"}],"about":[{"href":"https:\/\/chami9.de\/en\/wp-json\/wp\/v2\/types\/page"}],"author":[{"embeddable":true,"href":"https:\/\/chami9.de\/en\/wp-json\/wp\/v2\/users\/1"}],"replies":[{"embeddable":true,"href":"https:\/\/chami9.de\/en\/wp-json\/wp\/v2\/comments?post=524"}],"version-history":[{"count":1,"href":"https:\/\/chami9.de\/en\/wp-json\/wp\/v2\/pages\/524\/revisions"}],"predecessor-version":[{"id":525,"href":"https:\/\/chami9.de\/en\/wp-json\/wp\/v2\/pages\/524\/revisions\/525"}],"wp:attachment":[{"href":"https:\/\/chami9.de\/en\/wp-json\/wp\/v2\/media?parent=524"}],"curies":[{"name":"wp","href":"https:\/\/api.w.org\/{rel}","templated":true}]}}