{"id":514,"date":"2026-02-24T10:14:50","date_gmt":"2026-02-24T10:14:50","guid":{"rendered":"https:\/\/chami9.de\/imprint\/"},"modified":"2026-03-23T12:01:06","modified_gmt":"2026-03-23T12:01:06","slug":"imprint","status":"publish","type":"page","link":"https:\/\/chami9.de\/en\/imprint\/","title":{"rendered":"imprint"},"content":{"rendered":"\t\t<div data-elementor-type=\"wp-page\" data-elementor-id=\"514\" class=\"elementor elementor-514 elementor-294\" data-elementor-post-type=\"page\">\n\t\t\t\t<div class=\"elementor-element elementor-element-9a8aacf e-con-full e-flex e-con e-parent\" data-id=\"9a8aacf\" data-element_type=\"container\" data-e-type=\"container\" data-settings=\"{&quot;background_background&quot;:&quot;classic&quot;}\">\n\t\t\t\t<div class=\"elementor-element elementor-element-ad3dd9f elementor-widget elementor-widget-heading\" data-id=\"ad3dd9f\" data-element_type=\"widget\" data-e-type=\"widget\" data-widget_type=\"heading.default\">\n\t\t\t\t\t<h1 class=\"elementor-heading-title elementor-size-default\">Imprint<\/h1>\t\t\t\t<\/div>\n\t\t\t\t<\/div>\n\t\t<div class=\"elementor-element elementor-element-0c01c18 e-flex e-con-boxed e-con e-parent\" data-id=\"0c01c18\" data-element_type=\"container\" data-e-type=\"container\">\n\t\t\t\t\t<div class=\"e-con-inner\">\n\t\t\t\t<div class=\"elementor-element elementor-element-98f0c9b elementor-absolute elementor-widget elementor-widget-heading\" data-id=\"98f0c9b\" data-element_type=\"widget\" data-e-type=\"widget\" data-settings=\"{&quot;_position&quot;:&quot;absolute&quot;}\" data-widget_type=\"heading.default\">\n\t\t\t\t\t<div class=\"elementor-heading-title elementor-size-default\"><a href=\"https:\/\/chami9.de\/en\/\">Back<\/a><\/div>\t\t\t\t<\/div>\n\t\t\t\t<div class=\"elementor-element elementor-element-31a52c3 elementor-widget elementor-widget-spacer\" data-id=\"31a52c3\" data-element_type=\"widget\" data-e-type=\"widget\" data-widget_type=\"spacer.default\">\n\t\t\t\t\t\t\t<div class=\"elementor-spacer\">\n\t\t\t<div class=\"elementor-spacer-inner\"><\/div>\n\t\t<\/div>\n\t\t\t\t\t\t<\/div>\n\t\t\t\t<div class=\"elementor-element elementor-element-1dfe3f0 elementor-widget elementor-widget-heading\" data-id=\"1dfe3f0\" data-element_type=\"widget\" data-e-type=\"widget\" data-widget_type=\"heading.default\">\n\t\t\t\t\t<h2 class=\"elementor-heading-title elementor-size-default\">Imprint<\/h2>\t\t\t\t<\/div>\n\t\t\t\t<div class=\"elementor-element elementor-element-51bf206 elementor-widget elementor-widget-spacer\" data-id=\"51bf206\" data-element_type=\"widget\" data-e-type=\"widget\" data-widget_type=\"spacer.default\">\n\t\t\t\t\t\t\t<div class=\"elementor-spacer\">\n\t\t\t<div class=\"elementor-spacer-inner\"><\/div>\n\t\t<\/div>\n\t\t\t\t\t\t<\/div>\n\t\t\t\t<div class=\"elementor-element elementor-element-c585eaa elementor-widget elementor-widget-text-editor\" data-id=\"c585eaa\" data-element_type=\"widget\" data-e-type=\"widget\" data-widget_type=\"text-editor.default\">\n\t\t\t\t\t\t\t\t\t<p><b>FRANKONIA Eurobau AG<\/b><br>M\u00fchlenstra\u00dfe 36, 40213 D\u00fcsseldorf<br>Phone +49 211 8632300<\/p><p><b>Management Board:<\/b> Dipl.-Ing. Uwe Schmitz<br><b>Chairman of the Supervisory Board:<\/b> Dipl.-Kfm. Bert-Peter Consoir (auditor)<\/p><p><b>Register court:<\/b> D\u00fcsseldorf Local Court<br><b>Register number:<\/b> HRB 105894<br><b>VAT ID no.:<\/b> 115\/5714\/1023<\/p><p><b>E-mail:<\/b> info@frankonia-eurobau.de<br><b>Internet:<\/b> www.frankonia-eurobau.de<\/p>\t\t\t\t\t\t\t\t<\/div>\n\t\t\t\t<div class=\"elementor-element elementor-element-331652e elementor-widget elementor-widget-spacer\" data-id=\"331652e\" data-element_type=\"widget\" data-e-type=\"widget\" data-widget_type=\"spacer.default\">\n\t\t\t\t\t\t\t<div class=\"elementor-spacer\">\n\t\t\t<div class=\"elementor-spacer-inner\"><\/div>\n\t\t<\/div>\n\t\t\t\t\t\t<\/div>\n\t\t\t\t<div class=\"elementor-element elementor-element-4b98cad elementor-widget elementor-widget-heading\" data-id=\"4b98cad\" data-element_type=\"widget\" data-e-type=\"widget\" data-widget_type=\"heading.default\">\n\t\t\t\t\t<h3 class=\"elementor-heading-title elementor-size-default\">Legal information<\/h3>\t\t\t\t<\/div>\n\t\t\t\t<div class=\"elementor-element elementor-element-8df96e7 elementor-widget elementor-widget-spacer\" data-id=\"8df96e7\" data-element_type=\"widget\" data-e-type=\"widget\" data-widget_type=\"spacer.default\">\n\t\t\t\t\t\t\t<div class=\"elementor-spacer\">\n\t\t\t<div class=\"elementor-spacer-inner\"><\/div>\n\t\t<\/div>\n\t\t\t\t\t\t<\/div>\n\t\t\t\t<div class=\"elementor-element elementor-element-dab0bfa elementor-widget elementor-widget-text-editor\" data-id=\"dab0bfa\" data-element_type=\"widget\" data-e-type=\"widget\" data-widget_type=\"text-editor.default\">\n\t\t\t\t\t\t\t\t\t<p><b>Content of the online offer<\/b><br>FRANKONIA Eurobau assumes no liability for the topicality, correctness, completeness or quality of the information provided. Liability claims against FRANKONIA Eurobau relating to material or immaterial damage caused by the use or non-use of the information provided or by the use of incorrect or incomplete information are fundamentally excluded, unless FRANKONIA Eurobau is guilty of wilful intent or gross negligence. All offers are subject to change and non-binding. FRANKONIA Eurobau expressly reserves the right to change, supplement or delete parts of the pages or the entire offer without prior notice or to cease publication temporarily or permanently. The information and data on this website are provided to the user exclusively for information purposes and for personal use.    <\/p><p><b>References and links<\/b><br>FRANKONIA Eurobau accepts no liability for direct or indirect references to external websites (&#8220;links&#8221;) that lie outside the area of responsibility of FRANKONIA Eurobau. FRANKONIA Eurobau expressly declares that it has no information about illegal content on the sites referred to in the above paragraph 1. FRANKONIA Eurobau has no influence on their current and future design and content. Nor does it check the content of pages that have been changed since the links were created. This applies to all references and links to third parties set within the website as well as to third-party entries in guest books, discussion forums or mailing lists. The provider of the linked website is solely liable for incorrect, illegal or incomplete content and in particular for damages resulting from the use of such information.     <\/p><p><b>Copyright and trademark law<\/b><br>FRANKONIA Eurobau expressly points out that the graphics, animations, photos and texts published on the website are protected by copyright or other forms of industrial property rights &#8211; trademarks, registered designs, etc. &#8211; and are not protected by copyright. &#8211; are protected. The underlying rights are held solely by FRANKONIA Eurobau or by third parties who have granted FRANKONIA Eurobau the right to publish them on the website. Reproduction or use of these graphics, animations, photos and texts in other electronic or printed publications is not permitted without the express written consent of FRANKONIA Eurobau.  <\/p><p><b>Miscellaneous<\/b><br>Should individual clauses be or become invalid, this shall not affect the validity of the other clauses. The exclusive applicability of German law is agreed. The place of jurisdiction and place of performance for all claims is D\u00fcsseldorf.  <\/p>\t\t\t\t\t\t\t\t<\/div>\n\t\t\t\t\t<\/div>\n\t\t\t\t<\/div>\n\t\t\t\t<\/div>\n\t\t","protected":false},"excerpt":{"rendered":"<p>Imprint Back Imprint FRANKONIA Eurobau AGM\u00fchlenstra\u00dfe 36, 40213 D\u00fcsseldorfPhone +49 211 8632300 Management Board: Dipl.-Ing. Uwe SchmitzChairman of the Supervisory Board: Dipl.-Kfm. Bert-Peter Consoir (auditor) Register court: D\u00fcsseldorf Local CourtRegister number: HRB 105894VAT ID no.: 115\/5714\/1023 E-mail: info@frankonia-eurobau.deInternet: www.frankonia-eurobau.de Legal information Content of the online offerFRANKONIA Eurobau assumes no liability for the topicality, correctness, completeness [&hellip;]<\/p>\n","protected":false},"author":1,"featured_media":0,"parent":0,"menu_order":0,"comment_status":"closed","ping_status":"closed","template":"elementor_header_footer","meta":{"footnotes":""},"class_list":["post-514","page","type-page","status-publish","hentry"],"yoast_head":"<!-- This site is optimized with the Yoast SEO plugin v27.2 - https:\/\/yoast.com\/product\/yoast-seo-wordpress\/ -->\n<title>imprint - CHAMI 9<\/title>\n<meta name=\"robots\" content=\"index, follow, max-snippet:-1, max-image-preview:large, max-video-preview:-1\" \/>\n<link rel=\"canonical\" href=\"https:\/\/chami9.de\/en\/imprint\/\" \/>\n<meta property=\"og:locale\" content=\"en_US\" \/>\n<meta property=\"og:type\" content=\"article\" \/>\n<meta property=\"og:title\" content=\"imprint - CHAMI 9\" \/>\n<meta property=\"og:description\" content=\"Imprint Back Imprint FRANKONIA Eurobau AGM\u00fchlenstra\u00dfe 36, 40213 D\u00fcsseldorfPhone +49 211 8632300 Management Board: Dipl.-Ing. Uwe SchmitzChairman of the Supervisory Board: Dipl.-Kfm. Bert-Peter Consoir (auditor) Register court: D\u00fcsseldorf Local CourtRegister number: HRB 105894VAT ID no.: 115\/5714\/1023 E-mail: info@frankonia-eurobau.deInternet: www.frankonia-eurobau.de Legal information Content of the online offerFRANKONIA Eurobau assumes no liability for the topicality, correctness, completeness [&hellip;]\" \/>\n<meta property=\"og:url\" content=\"https:\/\/chami9.de\/en\/imprint\/\" \/>\n<meta property=\"og:site_name\" content=\"CHAMI 9\" \/>\n<meta property=\"article:modified_time\" content=\"2026-03-23T12:01:06+00:00\" \/>\n<meta name=\"twitter:card\" content=\"summary_large_image\" \/>\n<meta name=\"twitter:label1\" content=\"Est. reading time\" \/>\n\t<meta name=\"twitter:data1\" content=\"2 minutes\" \/>\n<script type=\"application\/ld+json\" class=\"yoast-schema-graph\">{\"@context\":\"https:\/\/schema.org\",\"@graph\":[{\"@type\":\"WebPage\",\"@id\":\"https:\/\/chami9.de\/en\/imprint\/\",\"url\":\"https:\/\/chami9.de\/en\/imprint\/\",\"name\":\"imprint - CHAMI 9\",\"isPartOf\":{\"@id\":\"https:\/\/chami9.de\/en\/#website\"},\"datePublished\":\"2026-02-24T10:14:50+00:00\",\"dateModified\":\"2026-03-23T12:01:06+00:00\",\"breadcrumb\":{\"@id\":\"https:\/\/chami9.de\/en\/imprint\/#breadcrumb\"},\"inLanguage\":\"en-US\",\"potentialAction\":[{\"@type\":\"ReadAction\",\"target\":[\"https:\/\/chami9.de\/en\/imprint\/\"]}]},{\"@type\":\"BreadcrumbList\",\"@id\":\"https:\/\/chami9.de\/en\/imprint\/#breadcrumb\",\"itemListElement\":[{\"@type\":\"ListItem\",\"position\":1,\"name\":\"Start\",\"item\":\"https:\/\/chami9.de\/en\/home\/\"},{\"@type\":\"ListItem\",\"position\":2,\"name\":\"imprint\"}]},{\"@type\":\"WebSite\",\"@id\":\"https:\/\/chami9.de\/en\/#website\",\"url\":\"https:\/\/chami9.de\/en\/\",\"name\":\"CHAMI 9\",\"description\":\"Stadtvilla und Gartenkultur\",\"publisher\":{\"@id\":\"https:\/\/chami9.de\/en\/#organization\"},\"potentialAction\":[{\"@type\":\"SearchAction\",\"target\":{\"@type\":\"EntryPoint\",\"urlTemplate\":\"https:\/\/chami9.de\/en\/?s={search_term_string}\"},\"query-input\":{\"@type\":\"PropertyValueSpecification\",\"valueRequired\":true,\"valueName\":\"search_term_string\"}}],\"inLanguage\":\"en-US\"},{\"@type\":\"Organization\",\"@id\":\"https:\/\/chami9.de\/en\/#organization\",\"name\":\"CHAMI 9\",\"url\":\"https:\/\/chami9.de\/en\/\",\"logo\":{\"@type\":\"ImageObject\",\"inLanguage\":\"en-US\",\"@id\":\"https:\/\/chami9.de\/en\/#\/schema\/logo\/image\/\",\"url\":\"https:\/\/chami9.de\/wp-content\/uploads\/2026\/02\/favicon-chami9.png\",\"contentUrl\":\"https:\/\/chami9.de\/wp-content\/uploads\/2026\/02\/favicon-chami9.png\",\"width\":512,\"height\":512,\"caption\":\"CHAMI 9\"},\"image\":{\"@id\":\"https:\/\/chami9.de\/en\/#\/schema\/logo\/image\/\"}}]}<\/script>\n<!-- \/ Yoast SEO plugin. -->","yoast_head_json":{"title":"imprint - CHAMI 9","robots":{"index":"index","follow":"follow","max-snippet":"max-snippet:-1","max-image-preview":"max-image-preview:large","max-video-preview":"max-video-preview:-1"},"canonical":"https:\/\/chami9.de\/en\/imprint\/","og_locale":"en_US","og_type":"article","og_title":"imprint - CHAMI 9","og_description":"Imprint Back Imprint FRANKONIA Eurobau AGM\u00fchlenstra\u00dfe 36, 40213 D\u00fcsseldorfPhone +49 211 8632300 Management Board: Dipl.-Ing. Uwe SchmitzChairman of the Supervisory Board: Dipl.-Kfm. Bert-Peter Consoir (auditor) Register court: D\u00fcsseldorf Local CourtRegister number: HRB 105894VAT ID no.: 115\/5714\/1023 E-mail: info@frankonia-eurobau.deInternet: www.frankonia-eurobau.de Legal information Content of the online offerFRANKONIA Eurobau assumes no liability for the topicality, correctness, completeness [&hellip;]","og_url":"https:\/\/chami9.de\/en\/imprint\/","og_site_name":"CHAMI 9","article_modified_time":"2026-03-23T12:01:06+00:00","twitter_card":"summary_large_image","twitter_misc":{"Est. reading time":"2 minutes"},"schema":{"@context":"https:\/\/schema.org","@graph":[{"@type":"WebPage","@id":"https:\/\/chami9.de\/en\/imprint\/","url":"https:\/\/chami9.de\/en\/imprint\/","name":"imprint - CHAMI 9","isPartOf":{"@id":"https:\/\/chami9.de\/en\/#website"},"datePublished":"2026-02-24T10:14:50+00:00","dateModified":"2026-03-23T12:01:06+00:00","breadcrumb":{"@id":"https:\/\/chami9.de\/en\/imprint\/#breadcrumb"},"inLanguage":"en-US","potentialAction":[{"@type":"ReadAction","target":["https:\/\/chami9.de\/en\/imprint\/"]}]},{"@type":"BreadcrumbList","@id":"https:\/\/chami9.de\/en\/imprint\/#breadcrumb","itemListElement":[{"@type":"ListItem","position":1,"name":"Start","item":"https:\/\/chami9.de\/en\/home\/"},{"@type":"ListItem","position":2,"name":"imprint"}]},{"@type":"WebSite","@id":"https:\/\/chami9.de\/en\/#website","url":"https:\/\/chami9.de\/en\/","name":"CHAMI 9","description":"Stadtvilla und Gartenkultur","publisher":{"@id":"https:\/\/chami9.de\/en\/#organization"},"potentialAction":[{"@type":"SearchAction","target":{"@type":"EntryPoint","urlTemplate":"https:\/\/chami9.de\/en\/?s={search_term_string}"},"query-input":{"@type":"PropertyValueSpecification","valueRequired":true,"valueName":"search_term_string"}}],"inLanguage":"en-US"},{"@type":"Organization","@id":"https:\/\/chami9.de\/en\/#organization","name":"CHAMI 9","url":"https:\/\/chami9.de\/en\/","logo":{"@type":"ImageObject","inLanguage":"en-US","@id":"https:\/\/chami9.de\/en\/#\/schema\/logo\/image\/","url":"https:\/\/chami9.de\/wp-content\/uploads\/2026\/02\/favicon-chami9.png","contentUrl":"https:\/\/chami9.de\/wp-content\/uploads\/2026\/02\/favicon-chami9.png","width":512,"height":512,"caption":"CHAMI 9"},"image":{"@id":"https:\/\/chami9.de\/en\/#\/schema\/logo\/image\/"}}]}},"_links":{"self":[{"href":"https:\/\/chami9.de\/en\/wp-json\/wp\/v2\/pages\/514","targetHints":{"allow":["GET"]}}],"collection":[{"href":"https:\/\/chami9.de\/en\/wp-json\/wp\/v2\/pages"}],"about":[{"href":"https:\/\/chami9.de\/en\/wp-json\/wp\/v2\/types\/page"}],"author":[{"embeddable":true,"href":"https:\/\/chami9.de\/en\/wp-json\/wp\/v2\/users\/1"}],"replies":[{"embeddable":true,"href":"https:\/\/chami9.de\/en\/wp-json\/wp\/v2\/comments?post=514"}],"version-history":[{"count":1,"href":"https:\/\/chami9.de\/en\/wp-json\/wp\/v2\/pages\/514\/revisions"}],"predecessor-version":[{"id":515,"href":"https:\/\/chami9.de\/en\/wp-json\/wp\/v2\/pages\/514\/revisions\/515"}],"wp:attachment":[{"href":"https:\/\/chami9.de\/en\/wp-json\/wp\/v2\/media?parent=514"}],"curies":[{"name":"wp","href":"https:\/\/api.w.org\/{rel}","templated":true}]}}